{"id":40953,"date":"2023-09-25T15:57:45","date_gmt":"2023-09-25T12:27:45","guid":{"rendered":"http:\/\/newblueshop.webexir.net\/homepage\/"},"modified":"2026-01-28T18:44:48","modified_gmt":"2026-01-28T15:14:48","slug":"homepage","status":"publish","type":"page","link":"https:\/\/noblemetal.ca\/fr\/","title":{"rendered":"Homepage"},"content":{"rendered":"<a href=\"mailto:Sales@noblemetal.ca\" target=\"_self\">\n\t\t\t\t\t\t<h4>Sales@noblemetal.ca<\/h4>\t\t\t\t\t\n\t\t\t<p>Assistance \u00e0 la client\u00e8le 24\/7<br \/>Questions g\u00e9n\u00e9rales<\/p>\t\t\n\t\t<\/a>\n\t\t\t<a href=\"mailto:Sales@noblemetal.ca\" target=\"_self\">\n\t\t\t\t\t\t<h4>Fi\u00e8rement canadien<\/h4>\t\t\t\t\t\n\t\t<\/a>\n\t\t\t\t\t\t<h4>Peterborough, ON K9J 6X7<\/h4>\t\t\t\t\t\n\t\t\t<p><a href=\"https:\/\/www.google.com\/maps\/dir\/Current+Location\/45.2912285,-75.9842272\">Emplacement du bureau<\/a><\/p>\t\t\n\t\t\tQuel est notre processus de travail ?\n\t\t<h2>\n\t\t\tOur Simple 4-Step Process\n\t\t<\/h2>\n\t\t\t\t\t\t\t<img decoding=\"async\" src=\"https:\/\/noblemetal.ca\/wp-content\/uploads\/2025\/08\/checklist_5907829.png\" alt=\"checklist_5907829\" width=\"512\" height=\"512\" \/>\n\t\t\t\t\t\t<h4>1. Share Your Project<\/h4>\t\t\t\t\t\n\t\t\t<ul><li>Tell us your specs, timeline, and any custom needs.<\/li><\/ul>\t\t\n\t\t\t\t\t\t\t<img decoding=\"async\" src=\"https:\/\/noblemetal.ca\/wp-content\/uploads\/2025\/08\/online-shop.png\" alt=\"online-shop\" width=\"512\" height=\"512\" \/>\n\t\t\t\t\t\t<h4>2. Get Your Quote<\/h4>\t\t\t\t\t\n\t\t\t<ul><li>Fast, competitive pricing &#8211; standard or custom.<\/li><\/ul>\t\t\n\t\t\t\t\t\t\t<img decoding=\"async\" src=\"https:\/\/noblemetal.ca\/wp-content\/uploads\/2024\/04\/factory.png\" alt=\"factory\" width=\"512\" height=\"512\" \/>\n\t\t\t\t\t\t<h4>3. We Build It<\/h4>\t\t\t\t\t\n\t\t\t<ul><li>Precision manufacturing with top-quality steel.<\/li><\/ul>\t\t\n\t\t\t\t\t\t\t<img decoding=\"async\" src=\"https:\/\/noblemetal.ca\/wp-content\/uploads\/2025\/08\/express-delivery_1981802.png\" alt=\"express-delivery_1981802\" width=\"512\" height=\"512\" \/>\n\t\t\t\t\t\t<h4>4. We Deliver<\/h4>\t\t\t\t\t\n\t\t\t<ul><li>On-time shipping, ready for easy install.<\/li><\/ul>\t\t\n\t<a href=\"https:\/\/noblemetal.ca\/fr\/contact\/\" target=\"_self\" role=\"button\" aria-label=\"Let's get started\">\n\t\t\t\t\t\tLet&#8217;s get started\n\t\t\t\t\t<\/a>\n\t\t\tAvez-vous vu nos produits ?\n\t\t<h2>\n\t\t\tNos produits !\n\t\t<\/h2>\n\t\t\t\t<img decoding=\"async\" src=\"https:\/\/noblemetal.ca\/wp-content\/plugins\/bb-plugin\/img\/pixel.png\" alt=\"\" itemprop=\"image\" onerror=\"this.style.display='none'\" loading=\"lazy\" \/>\n\t\t\tPourquoi sommes-nous diff\u00e9rents ?\n\t\t<h2>\n\t\t\tNos objectifs et nos valeurs\n\t\t<\/h2>\n\t\t\t\t\t\t<h4>Des prix comp\u00e9titifs, une qualit\u00e9 sans compromis<\/h4>\t\t\t\t\t\n\t\t\t<p>At Noble Metal, we deliver exceptional value.\u00a0 Get the best prices in the industry without sacrificing quality &#8211; it&#8217;s our commitment.<\/p>\t\t\n\t\t\t\t\t\t<h4>L'excellence dans chaque interaction : Votre r\u00e9ussite est notre objectif<\/h4>\t\t\t\t\t\n\t\t\t<p>We&#8217;re passionate about exceeding expectations. \u00a0Join our satisfied customers who&#8217;ve experienced our commitment to top-notch service.<\/p>\t\t\n\t\t\t\t\t\t<h4>Un service client sans faille : Votre satisfaction est notre priorit\u00e9<\/h4>\t\t\t\t\t\n\t\t\t<p>Nous allons au-del\u00e0 de la vente. Notre \u00e9quipe d\u00e9vou\u00e9e veille \u00e0 ce que votre exp\u00e9rience soit fluide et satisfaisante, en d\u00e9passant vos attentes \u00e0 chaque point de contact.<\/p>\t\t\n\t\t\t\t\t\t<h4>Au-del\u00e0 des produits, nous proposons des solutions :  Laissez-vous guider par notre expertise<\/h4>\t\t\t\t\t\n\t\t\t<p>Nous offrons plus qu'une simple m\u00e9tallerie.  Notre \u00e9quipe vous offre des conseils d'experts et des solutions personnalis\u00e9es pour atteindre les objectifs de votre projet.<\/p>\t\t\n\t\t\t\t\t\t<h4>B\u00e2tir la confiance, b\u00e2tir des relations : Le service personnalis\u00e9 que vous m\u00e9ritez<\/h4>\t\t\t\t\t\n\t\t\t<p>Nous traitons chaque client comme un partenaire pr\u00e9cieux.  D\u00e9couvrez la diff\u00e9rence d'une attention personnalis\u00e9e et d'une r\u00e9ponse rapide.<\/p>\t\t\n\t\t\t\t\t\t<h4>Un h\u00e9ritage de confiance : Partenaire du leader de l'industrie<\/h4>\t\t\t\t\t\n\t\t\t<p>Choisissez l'exp\u00e9rience et l'excellence.  Forte de son exp\u00e9rience, Noble Metal est votre partenaire de confiance pour tous vos besoins en mati\u00e8re de m\u00e9tallerie.<\/p>\t\t\n\t<a href=\"https:\/\/noblemetal.ca\/fr\/contact\/\" target=\"_self\" role=\"button\" aria-label=\"Discutons de votre cas\">\n\t\t\t\t\t\tLet&#8217;s discuss your case\n\t\t\t\t\t<\/a>\n\t\t\tQue faisons-nous ?\n\t\t<h2>\n\t\t\tNos projets\n\t\t<\/h2>\n\t<h3>The pictures showcase a variety of our products that have been used in these projects. Explore our diverse range of high-quality products designed for various applications across different projects. From structural steel studs and tracks to steel rebar and mesh sheets, our offerings cater to a wide array of construction and industrial needs. Each product featured in these images represents our commitment to excellence, durability, and innovation in providing essential&#8230;<\/h3>\n\t\t\tQui sommes-nous ?\n\t\t<h2>\n\t\t\tDes solutions m\u00e9talliques haute performance au service du progr\u00e8s\n\t\t<\/h2>\n\t\t\t\t<img decoding=\"async\" src=\"https:\/\/noblemetal.ca\/wp-content\/uploads\/2024\/04\/nobel-metal.webp\" alt=\"nobel-metal\" itemprop=\"image\" height=\"688\" width=\"1049\" title=\"m\u00e9tal noble\" onerror=\"this.style.display='none'\" loading=\"lazy\" \/>\n\t\t\n\t\t\t<p>Noble Metal est un acteur de premier plan dans le secteur de la fabrication de produits m\u00e9talliques, un nom synonyme de qualit\u00e9, de fiabilit\u00e9 et d'innovation. Avec une histoire riche de plus de deux d\u00e9cennies, nous nous sommes \u00e9tablis comme des pionniers dans le domaine, fournissant \u00e0 nos clients des produits m\u00e9talliques de premi\u00e8re qualit\u00e9 \u00e0 des prix comp\u00e9titifs.<\/p>\t\t\n\t\t\t<p>Chez Noble Metal, nous sommes fiers de fournir des solutions qui d\u00e9passent les attentes, en r\u00e9pondant aux divers besoins de notre client\u00e8le avec finesse et expertise. Nous comprenons l'importance de la qualit\u00e9 dans tous les aspects de nos op\u00e9rations, de l'approvisionnement en mati\u00e8res premi\u00e8res les plus fines \u00e0 l'utilisation de processus de fabrication de pointe. Notre \u00e9quipe de professionnels d\u00e9vou\u00e9s poss\u00e8de une connaissance et une exp\u00e9rience approfondies du secteur, ce qui garantit que chaque projet est ex\u00e9cut\u00e9 avec la plus grande comp\u00e9tence et la plus grande pr\u00e9cision.<\/p>\t\t\n\t<a href=\"https:\/\/noblemetal.ca\/fr\/about\/\" target=\"_self\" role=\"button\" aria-label=\"Lire la suite...\">\n\t\t\t\t\t\tRead More&#8230;\n\t\t\t\t\t<\/a>\n\t\t\t\t<img decoding=\"async\" src=\"https:\/\/noblemetal.ca\/wp-content\/uploads\/2024\/04\/slide3.webp\" alt=\"slide3\" itemprop=\"image\" height=\"1319\" width=\"1979\" title=\"diapositive3\" onerror=\"this.style.display='none'\" loading=\"lazy\" \/>\n  <h2>Travaillez avec nous<\/h2>\n  \n    Are you passionate, driven, and looking to be part of a professional team? We&#8217;re always on the lookout for talented individuals. Send us your resume and let&#8217;s build something great together!\n  \n    <a href=\"mailto:careers@noblemetal.ca\">\n      Envoyez votre CV\n    <\/a>\n    <p>\ud83d\udce7 careers@noblemetal.ca<\/p>\n\t\t\tQui sommes-nous ?\n\t\t<h2>\n\t\t\tGalerie d'images\n\t\t<\/h2>\n\t\t\t\t<a\n\t\t\thref=\"https:\/\/noblemetal.ca\/wp-content\/uploads\/2024\/04\/unnamed-12-882x1024.jpg\"\n\t\t\t\t\t\tdata-fancybox=\"images\" \n\t\t\ttitle=\"sans nom (12)\" \n\t\t\t\t\t\tdata-caption=\"\"\n\t\t\t\t\t\tdata-description=\"\" \n\t\t\titemprop=\"contentUrl\">\n\t\t\t<img decoding=\"async\" src=\"https:\/\/noblemetal.ca\/wp-content\/uploads\/2024\/04\/unnamed-12.jpg\" alt=\"\" data-no-lazy=\"1\" itemprop=\"thumbnail\" width=\"960\" height=\"1114\" \/>\n\t\t\t<!-- Overlay Wrapper -->\n\t\t\t <!-- Overlay Wrapper Closed -->\n\t\t\t\t<\/a>\n\t\t\t\t\t\t\t<meta itemprop=\"width\" content=\"960\" \/>\n\t\t\t<meta itemprop=\"height\" content=\"1114\" \/>\n\t\t\t\t<a\n\t\t\thref=\"https:\/\/noblemetal.ca\/wp-content\/uploads\/2024\/04\/unnamed-13-768x1024.jpg\"\n\t\t\t\t\t\tdata-fancybox=\"images\" \n\t\t\ttitle=\"sans nom (13)\" \n\t\t\t\t\t\tdata-caption=\"\"\n\t\t\t\t\t\tdata-description=\"\" \n\t\t\titemprop=\"contentUrl\">\n\t\t\t<img decoding=\"async\" src=\"https:\/\/noblemetal.ca\/wp-content\/uploads\/2024\/04\/unnamed-13.jpg\" alt=\"\" data-no-lazy=\"1\" itemprop=\"thumbnail\" width=\"960\" height=\"1280\" \/>\n\t\t\t<!-- Overlay Wrapper -->\n\t\t\t <!-- Overlay Wrapper Closed -->\n\t\t\t\t<\/a>\n\t\t\t\t\t\t\t<meta itemprop=\"width\" content=\"960\" \/>\n\t\t\t<meta itemprop=\"height\" content=\"1280\" \/>\n\t\t\t\t<a\n\t\t\thref=\"https:\/\/noblemetal.ca\/wp-content\/uploads\/2024\/04\/unnamed-14-768x1024.jpg\"\n\t\t\t\t\t\tdata-fancybox=\"images\" \n\t\t\ttitle=\"sans nom (14)\" \n\t\t\t\t\t\tdata-caption=\"\"\n\t\t\t\t\t\tdata-description=\"\" \n\t\t\titemprop=\"contentUrl\">\n\t\t\t<img decoding=\"async\" src=\"https:\/\/noblemetal.ca\/wp-content\/uploads\/2024\/04\/unnamed-14.jpg\" alt=\"\" data-no-lazy=\"1\" itemprop=\"thumbnail\" width=\"960\" height=\"1280\" \/>\n\t\t\t<!-- Overlay Wrapper -->\n\t\t\t <!-- Overlay Wrapper Closed -->\n\t\t\t\t<\/a>\n\t\t\t\t\t\t\t<meta itemprop=\"width\" content=\"960\" \/>\n\t\t\t<meta itemprop=\"height\" content=\"1280\" \/>\n\t\t\t\t<a\n\t\t\thref=\"https:\/\/noblemetal.ca\/wp-content\/uploads\/2024\/04\/unnamed-15-768x1024.jpg\"\n\t\t\t\t\t\tdata-fancybox=\"images\" \n\t\t\ttitle=\"sans nom (15)\" \n\t\t\t\t\t\tdata-caption=\"\"\n\t\t\t\t\t\tdata-description=\"\" \n\t\t\titemprop=\"contentUrl\">\n\t\t\t<img decoding=\"async\" src=\"https:\/\/noblemetal.ca\/wp-content\/uploads\/2024\/04\/unnamed-15.jpg\" alt=\"\" data-no-lazy=\"1\" itemprop=\"thumbnail\" width=\"960\" height=\"1280\" \/>\n\t\t\t<!-- Overlay Wrapper -->\n\t\t\t <!-- Overlay Wrapper Closed -->\n\t\t\t\t<\/a>\n\t\t\t\t\t\t\t<meta itemprop=\"width\" content=\"960\" \/>\n\t\t\t<meta itemprop=\"height\" content=\"1280\" \/>\n\t\t\t\t<a\n\t\t\thref=\"https:\/\/noblemetal.ca\/wp-content\/uploads\/2024\/04\/unnamed-10-1024x768.jpg\"\n\t\t\t\t\t\tdata-fancybox=\"images\" \n\t\t\ttitle=\"sans nom (10)\" \n\t\t\t\t\t\tdata-caption=\"\"\n\t\t\t\t\t\tdata-description=\"\" \n\t\t\titemprop=\"contentUrl\">\n\t\t\t<img decoding=\"async\" src=\"https:\/\/noblemetal.ca\/wp-content\/uploads\/2024\/04\/unnamed-10.jpg\" alt=\"\" data-no-lazy=\"1\" itemprop=\"thumbnail\" width=\"1280\" height=\"960\" \/>\n\t\t\t<!-- Overlay Wrapper -->\n\t\t\t <!-- Overlay Wrapper Closed -->\n\t\t\t\t<\/a>\n\t\t\t\t\t\t\t<meta itemprop=\"width\" content=\"1280\" \/>\n\t\t\t<meta itemprop=\"height\" content=\"960\" \/>\n\t\t\t\t<a\n\t\t\thref=\"https:\/\/noblemetal.ca\/wp-content\/uploads\/2024\/04\/unnamed-768x1024.jpg\"\n\t\t\t\t\t\tdata-fancybox=\"images\" \n\t\t\ttitle=\"sans nom\" \n\t\t\t\t\t\tdata-caption=\"\"\n\t\t\t\t\t\tdata-description=\"\" \n\t\t\titemprop=\"contentUrl\">\n\t\t\t<img decoding=\"async\" src=\"https:\/\/noblemetal.ca\/wp-content\/uploads\/2024\/04\/unnamed.jpg\" alt=\"\" data-no-lazy=\"1\" itemprop=\"thumbnail\" width=\"960\" height=\"1280\" \/>\n\t\t\t<!-- Overlay Wrapper -->\n\t\t\t <!-- Overlay Wrapper Closed -->\n\t\t\t\t<\/a>\n\t\t\t\t\t\t\t<meta itemprop=\"width\" content=\"960\" \/>\n\t\t\t<meta itemprop=\"height\" content=\"1280\" \/>\n\t\t\t\t<a\n\t\t\thref=\"https:\/\/noblemetal.ca\/wp-content\/uploads\/2024\/04\/unnamed-2-1024x768.jpg\"\n\t\t\t\t\t\tdata-fancybox=\"images\" \n\t\t\ttitle=\"sans nom (2)\" \n\t\t\t\t\t\tdata-caption=\"\"\n\t\t\t\t\t\tdata-description=\"\" \n\t\t\titemprop=\"contentUrl\">\n\t\t\t<img decoding=\"async\" src=\"https:\/\/noblemetal.ca\/wp-content\/uploads\/2024\/04\/unnamed-2.jpg\" alt=\"\" data-no-lazy=\"1\" itemprop=\"thumbnail\" width=\"1280\" height=\"960\" \/>\n\t\t\t<!-- Overlay Wrapper -->\n\t\t\t <!-- Overlay Wrapper Closed -->\n\t\t\t\t<\/a>\n\t\t\t\t\t\t\t<meta itemprop=\"width\" content=\"1280\" \/>\n\t\t\t<meta itemprop=\"height\" content=\"960\" \/>\n\t\t\t\t<a\n\t\t\thref=\"https:\/\/noblemetal.ca\/wp-content\/uploads\/2024\/04\/unnamed-7-768x1024.jpg\"\n\t\t\t\t\t\tdata-fancybox=\"images\" \n\t\t\ttitle=\"sans nom (7)\" \n\t\t\t\t\t\tdata-caption=\"\"\n\t\t\t\t\t\tdata-description=\"\" \n\t\t\titemprop=\"contentUrl\">\n\t\t\t<img decoding=\"async\" src=\"https:\/\/noblemetal.ca\/wp-content\/uploads\/2024\/04\/unnamed-7.jpg\" alt=\"\" data-no-lazy=\"1\" itemprop=\"thumbnail\" width=\"960\" height=\"1280\" \/>\n\t\t\t<!-- Overlay Wrapper -->\n\t\t\t <!-- Overlay Wrapper Closed -->\n\t\t\t\t<\/a>\n\t\t\t\t\t\t\t<meta itemprop=\"width\" content=\"960\" \/>\n\t\t\t<meta itemprop=\"height\" content=\"1280\" \/>\n\t\t\t\t<a\n\t\t\thref=\"https:\/\/noblemetal.ca\/wp-content\/uploads\/2024\/04\/unnamed-8-768x1024.jpg\"\n\t\t\t\t\t\tdata-fancybox=\"images\" \n\t\t\ttitle=\"sans nom (8)\" \n\t\t\t\t\t\tdata-caption=\"\"\n\t\t\t\t\t\tdata-description=\"\" \n\t\t\titemprop=\"contentUrl\">\n\t\t\t<img decoding=\"async\" src=\"https:\/\/noblemetal.ca\/wp-content\/uploads\/2024\/04\/unnamed-8.jpg\" alt=\"\" data-no-lazy=\"1\" itemprop=\"thumbnail\" width=\"960\" height=\"1280\" \/>\n\t\t\t<!-- Overlay Wrapper -->\n\t\t\t <!-- Overlay Wrapper Closed -->\n\t\t\t\t<\/a>\n\t\t\t\t\t\t\t<meta itemprop=\"width\" content=\"960\" \/>\n\t\t\t<meta itemprop=\"height\" content=\"1280\" \/>\n\t\t\t\t<a\n\t\t\thref=\"https:\/\/noblemetal.ca\/wp-content\/uploads\/2024\/04\/Image-Project11.jpg\"\n\t\t\t\t\t\tdata-fancybox=\"images\" \n\t\t\ttitle=\"Projet d&#039;image11\" \n\t\t\t\t\t\tdata-caption=\"\"\n\t\t\t\t\t\tdata-description=\"\" \n\t\t\titemprop=\"contentUrl\">\n\t\t\t<img decoding=\"async\" src=\"https:\/\/noblemetal.ca\/wp-content\/uploads\/2024\/04\/Image-Project11.jpg\" alt=\"\" data-no-lazy=\"1\" itemprop=\"thumbnail\" width=\"1000\" height=\"700\" \/>\n\t\t\t<!-- Overlay Wrapper -->\n\t\t\t <!-- Overlay Wrapper Closed -->\n\t\t\t\t<\/a>\n\t\t\t\t\t\t\t<meta itemprop=\"width\" content=\"1000\" \/>\n\t\t\t<meta itemprop=\"height\" content=\"700\" \/>\n\t\t\t\t<a\n\t\t\thref=\"https:\/\/noblemetal.ca\/wp-content\/uploads\/2024\/04\/Image-Project13.jpg\"\n\t\t\t\t\t\tdata-fancybox=\"images\" \n\t\t\ttitle=\"Image-Project13\" \n\t\t\t\t\t\tdata-caption=\"\"\n\t\t\t\t\t\tdata-description=\"\" \n\t\t\titemprop=\"contentUrl\">\n\t\t\t<img decoding=\"async\" src=\"https:\/\/noblemetal.ca\/wp-content\/uploads\/2024\/04\/Image-Project13.jpg\" alt=\"\" data-no-lazy=\"1\" itemprop=\"thumbnail\" width=\"1000\" height=\"700\" \/>\n\t\t\t<!-- Overlay Wrapper -->\n\t\t\t <!-- Overlay Wrapper Closed -->\n\t\t\t\t<\/a>\n\t\t\t\t\t\t\t<meta itemprop=\"width\" content=\"1000\" \/>\n\t\t\t<meta itemprop=\"height\" content=\"700\" \/>","protected":false},"excerpt":{"rendered":"<p>Sales@noblemetal.ca 24\/7 customer supportGeneral questions Proudly Canadian Peterborough, ON K9J 6X7 Office location What is our working process? Our Simple 4-Step Process 1. Share Your Project Tell us your specs, timeline, and any custom needs. 2. Get Your Quote Fast, competitive pricing &#8211; standard or custom. 3. We Build It Precision manufacturing with top-quality steel.&hellip;<\/p>","protected":false},"author":6,"featured_media":0,"parent":0,"menu_order":124,"comment_status":"closed","ping_status":"closed","template":"","meta":{"_acf_changed":false,"pgc_sgb_lightbox_settings":"","footnotes":""},"class_list":["post-40953","page","type-page","status-publish","hentry"],"acf":[],"yoast_head":"<!-- This site is optimized with the Yoast SEO plugin v25.8 - https:\/\/yoast.com\/wordpress\/plugins\/seo\/ -->\n<title>Homepage - Noble Metal Steel Studs Steel Structure Metal Stud Ontario Canada<\/title>\n<meta name=\"robots\" content=\"index, follow, max-snippet:-1, max-image-preview:large, max-video-preview:-1\" \/>\n<link rel=\"canonical\" href=\"https:\/\/noblemetal.ca\/fr\/\" \/>\n<meta property=\"og:locale\" content=\"fr_FR\" \/>\n<meta property=\"og:type\" content=\"article\" \/>\n<meta property=\"og:title\" content=\"Homepage - Noble Metal Steel Studs Steel Structure Metal Stud Ontario Canada\" \/>\n<meta property=\"og:description\" content=\"Sales@noblemetal.ca 24\/7 customer supportGeneral questions Proudly Canadian Peterborough, ON K9J 6X7 Office location What is our working process? Our Simple 4-Step Process 1. Share Your Project Tell us your specs, timeline, and any custom needs. 2. Get Your Quote Fast, competitive pricing &#8211; standard or custom. 3. We Build It Precision manufacturing with top-quality steel.&hellip;\" \/>\n<meta property=\"og:url\" content=\"https:\/\/noblemetal.ca\/fr\/\" \/>\n<meta property=\"og:site_name\" content=\"Noble Metal Steel Studs Steel Structure Metal Stud Ontario Canada\" \/>\n<meta property=\"article:modified_time\" content=\"2026-01-28T15:14:48+00:00\" \/>\n<meta property=\"og:image\" content=\"https:\/\/noblemetal.ca\/wp-content\/uploads\/2025\/08\/checklist_5907829.png\" \/>\n<meta name=\"twitter:card\" content=\"summary_large_image\" \/>\n<meta name=\"twitter:label1\" content=\"Dur\u00e9e de lecture estim\u00e9e\" \/>\n\t<meta name=\"twitter:data1\" content=\"9 minutes\" \/>\n<script type=\"application\/ld+json\" class=\"yoast-schema-graph\">{\"@context\":\"https:\/\/schema.org\",\"@graph\":[{\"@type\":\"WebPage\",\"@id\":\"https:\/\/noblemetal.ca\/\",\"url\":\"https:\/\/noblemetal.ca\/\",\"name\":\"Homepage - Noble Metal Steel Studs Steel Structure Metal Stud Ontario Canada\",\"isPartOf\":{\"@id\":\"https:\/\/noblemetal.ca\/#website\"},\"primaryImageOfPage\":{\"@id\":\"https:\/\/noblemetal.ca\/#primaryimage\"},\"image\":{\"@id\":\"https:\/\/noblemetal.ca\/#primaryimage\"},\"thumbnailUrl\":\"https:\/\/noblemetal.ca\/wp-content\/uploads\/2025\/08\/checklist_5907829.png\",\"datePublished\":\"2023-09-25T12:27:45+00:00\",\"dateModified\":\"2026-01-28T15:14:48+00:00\",\"breadcrumb\":{\"@id\":\"https:\/\/noblemetal.ca\/#breadcrumb\"},\"inLanguage\":\"fr-FR\",\"potentialAction\":[{\"@type\":\"ReadAction\",\"target\":[\"https:\/\/noblemetal.ca\/\"]}]},{\"@type\":\"ImageObject\",\"inLanguage\":\"fr-FR\",\"@id\":\"https:\/\/noblemetal.ca\/#primaryimage\",\"url\":\"https:\/\/noblemetal.ca\/wp-content\/uploads\/2025\/08\/checklist_5907829.png\",\"contentUrl\":\"https:\/\/noblemetal.ca\/wp-content\/uploads\/2025\/08\/checklist_5907829.png\"},{\"@type\":\"BreadcrumbList\",\"@id\":\"https:\/\/noblemetal.ca\/#breadcrumb\",\"itemListElement\":[{\"@type\":\"ListItem\",\"position\":1,\"name\":\"Home\",\"item\":\"https:\/\/noblemetal.ca\/\"},{\"@type\":\"ListItem\",\"position\":2,\"name\":\"Homepage\"}]},{\"@type\":\"WebSite\",\"@id\":\"https:\/\/noblemetal.ca\/#website\",\"url\":\"https:\/\/noblemetal.ca\/\",\"name\":\"Noble Metal Steel Studs Steel Structure Metal Stud Ontario Canada\",\"description\":\"\u0634\u0639\u0627\u0631 \u0633\u0627\u06cc\u062a \u0627\u06cc\u0646\u062c\u0627 \u0645\u06cc \u0622\u06cc\u062f\",\"publisher\":{\"@id\":\"https:\/\/noblemetal.ca\/#organization\"},\"potentialAction\":[{\"@type\":\"SearchAction\",\"target\":{\"@type\":\"EntryPoint\",\"urlTemplate\":\"https:\/\/noblemetal.ca\/?s={search_term_string}\"},\"query-input\":{\"@type\":\"PropertyValueSpecification\",\"valueRequired\":true,\"valueName\":\"search_term_string\"}}],\"inLanguage\":\"fr-FR\"},{\"@type\":\"Organization\",\"@id\":\"https:\/\/noblemetal.ca\/#organization\",\"name\":\"Noble Metal Steel Studs Steel Structure Metal Stud Ontario Canada\",\"url\":\"https:\/\/noblemetal.ca\/\",\"logo\":{\"@type\":\"ImageObject\",\"inLanguage\":\"fr-FR\",\"@id\":\"https:\/\/noblemetal.ca\/#\/schema\/logo\/image\/\",\"url\":\"https:\/\/noblemetal.ca\/wp-content\/uploads\/2020\/09\/Logo.png\",\"contentUrl\":\"https:\/\/noblemetal.ca\/wp-content\/uploads\/2020\/09\/Logo.png\",\"width\":150,\"height\":150,\"caption\":\"Noble Metal Steel Studs Steel Structure Metal Stud Ontario Canada\"},\"image\":{\"@id\":\"https:\/\/noblemetal.ca\/#\/schema\/logo\/image\/\"}}]}<\/script>\n<!-- \/ Yoast SEO plugin. -->","yoast_head_json":{"title":"Homepage - Noble Metal Steel Studs Steel Structure Metal Stud Ontario Canada","robots":{"index":"index","follow":"follow","max-snippet":"max-snippet:-1","max-image-preview":"max-image-preview:large","max-video-preview":"max-video-preview:-1"},"canonical":"https:\/\/noblemetal.ca\/fr\/","og_locale":"fr_FR","og_type":"article","og_title":"Homepage - Noble Metal Steel Studs Steel Structure Metal Stud Ontario Canada","og_description":"Sales@noblemetal.ca 24\/7 customer supportGeneral questions Proudly Canadian Peterborough, ON K9J 6X7 Office location What is our working process? Our Simple 4-Step Process 1. Share Your Project Tell us your specs, timeline, and any custom needs. 2. Get Your Quote Fast, competitive pricing &#8211; standard or custom. 3. We Build It Precision manufacturing with top-quality steel.&hellip;","og_url":"https:\/\/noblemetal.ca\/fr\/","og_site_name":"Noble Metal Steel Studs Steel Structure Metal Stud Ontario Canada","article_modified_time":"2026-01-28T15:14:48+00:00","og_image":[{"url":"https:\/\/noblemetal.ca\/wp-content\/uploads\/2025\/08\/checklist_5907829.png","type":"","width":"","height":""}],"twitter_card":"summary_large_image","twitter_misc":{"Dur\u00e9e de lecture estim\u00e9e":"9 minutes"},"schema":{"@context":"https:\/\/schema.org","@graph":[{"@type":"WebPage","@id":"https:\/\/noblemetal.ca\/","url":"https:\/\/noblemetal.ca\/","name":"Homepage - Noble Metal Steel Studs Steel Structure Metal Stud Ontario Canada","isPartOf":{"@id":"https:\/\/noblemetal.ca\/#website"},"primaryImageOfPage":{"@id":"https:\/\/noblemetal.ca\/#primaryimage"},"image":{"@id":"https:\/\/noblemetal.ca\/#primaryimage"},"thumbnailUrl":"https:\/\/noblemetal.ca\/wp-content\/uploads\/2025\/08\/checklist_5907829.png","datePublished":"2023-09-25T12:27:45+00:00","dateModified":"2026-01-28T15:14:48+00:00","breadcrumb":{"@id":"https:\/\/noblemetal.ca\/#breadcrumb"},"inLanguage":"fr-FR","potentialAction":[{"@type":"ReadAction","target":["https:\/\/noblemetal.ca\/"]}]},{"@type":"ImageObject","inLanguage":"fr-FR","@id":"https:\/\/noblemetal.ca\/#primaryimage","url":"https:\/\/noblemetal.ca\/wp-content\/uploads\/2025\/08\/checklist_5907829.png","contentUrl":"https:\/\/noblemetal.ca\/wp-content\/uploads\/2025\/08\/checklist_5907829.png"},{"@type":"BreadcrumbList","@id":"https:\/\/noblemetal.ca\/#breadcrumb","itemListElement":[{"@type":"ListItem","position":1,"name":"Home","item":"https:\/\/noblemetal.ca\/"},{"@type":"ListItem","position":2,"name":"Homepage"}]},{"@type":"WebSite","@id":"https:\/\/noblemetal.ca\/#website","url":"https:\/\/noblemetal.ca\/","name":"Noble Metal Steel Studs Steel Structure Metal Stud Ontario Canada","description":"\u0634\u0639\u0627\u0631 \u0633\u0627\u06cc\u062a \u0627\u06cc\u0646\u062c\u0627 \u0645\u06cc \u0622\u06cc\u062f","publisher":{"@id":"https:\/\/noblemetal.ca\/#organization"},"potentialAction":[{"@type":"SearchAction","target":{"@type":"EntryPoint","urlTemplate":"https:\/\/noblemetal.ca\/?s={search_term_string}"},"query-input":{"@type":"PropertyValueSpecification","valueRequired":true,"valueName":"search_term_string"}}],"inLanguage":"fr-FR"},{"@type":"Organization","@id":"https:\/\/noblemetal.ca\/#organization","name":"Noble Metal Steel Studs Steel Structure Metal Stud Ontario Canada","url":"https:\/\/noblemetal.ca\/","logo":{"@type":"ImageObject","inLanguage":"fr-FR","@id":"https:\/\/noblemetal.ca\/#\/schema\/logo\/image\/","url":"https:\/\/noblemetal.ca\/wp-content\/uploads\/2020\/09\/Logo.png","contentUrl":"https:\/\/noblemetal.ca\/wp-content\/uploads\/2020\/09\/Logo.png","width":150,"height":150,"caption":"Noble Metal Steel Studs Steel Structure Metal Stud Ontario Canada"},"image":{"@id":"https:\/\/noblemetal.ca\/#\/schema\/logo\/image\/"}}]}},"_links":{"self":[{"href":"https:\/\/noblemetal.ca\/fr\/wp-json\/wp\/v2\/pages\/40953","targetHints":{"allow":["GET"]}}],"collection":[{"href":"https:\/\/noblemetal.ca\/fr\/wp-json\/wp\/v2\/pages"}],"about":[{"href":"https:\/\/noblemetal.ca\/fr\/wp-json\/wp\/v2\/types\/page"}],"author":[{"embeddable":true,"href":"https:\/\/noblemetal.ca\/fr\/wp-json\/wp\/v2\/users\/6"}],"replies":[{"embeddable":true,"href":"https:\/\/noblemetal.ca\/fr\/wp-json\/wp\/v2\/comments?post=40953"}],"version-history":[{"count":0,"href":"https:\/\/noblemetal.ca\/fr\/wp-json\/wp\/v2\/pages\/40953\/revisions"}],"wp:attachment":[{"href":"https:\/\/noblemetal.ca\/fr\/wp-json\/wp\/v2\/media?parent=40953"}],"curies":[{"name":"wp","href":"https:\/\/api.w.org\/{rel}","templated":true}]}}